{"id":690,"date":"2014-06-04T22:06:08","date_gmt":"2014-06-04T20:06:08","guid":{"rendered":"http:\/\/konyvhetszeged2014.sk-szeged.hu\/?page_id=690"},"modified":"2014-06-11T10:05:52","modified_gmt":"2014-06-11T08:05:52","slug":"konyvhet-2014","status":"publish","type":"page","link":"http:\/\/konyvhetszeged2014.sk-szeged.hu\/?page_id=690","title":{"rendered":"K\u00f6nyvh\u00e9t, 2014"},"content":{"rendered":"<p><a href=\"http:\/\/konyvhetszeged2014.sk-szeged.hu\/wp-content\/uploads\/2014\/06\/konyvhet_plakat2014.jpg\"><img loading=\"lazy\" decoding=\"async\" class=\"alignleft wp-image-95 \" src=\"http:\/\/konyvhetszeged2014.sk-szeged.hu\/wp-content\/uploads\/2014\/06\/konyvhet_plakat2014.jpg\" alt=\"konyvhet_plakat2014\" width=\"282\" height=\"399\" srcset=\"http:\/\/konyvhetszeged2014.sk-szeged.hu\/wp-content\/uploads\/2014\/06\/konyvhet_plakat2014.jpg 400w, http:\/\/konyvhetszeged2014.sk-szeged.hu\/wp-content\/uploads\/2014\/06\/konyvhet_plakat2014-212x300.jpg 212w\" sizes=\"auto, (max-width: 282px) 100vw, 282px\" \/><\/a><br \/>\n<span style=\"color: #ea4e1b;\">85. \u00dcNNEPI K\u00d6NYVH\u00c9T \u00c9S<\/span><br \/>\n<span style=\"color: #ea4e1b;\"> 13. GYERMEKK\u00d6NYVNAPOK, SZEGED<br \/>\n<\/span><\/p>\n<p>A Dugonics t\u00e9ren: j\u00fanius 12\u201316.<br \/>\nAz int\u00e9zm\u00e9nyekben: j\u00fanius 5\u201320.<\/p>\n<p><a href=\"http:\/\/konyvhetszeged2014.sk-szeged.hu\/?p=60\">Megnyit\u00f3: j\u00fanius 12. 11.00, Dugonics t\u00e9r<\/a><\/p>\n<p>Az <a title=\"K\u00f6zponti honlap\" href=\"http:\/\/www.unnepikonyvhet.hu\/\" target=\"_blank\">\u00dcNNEPI K\u00d6NYVH\u00c9T<\/a> vid\u00e9ki k\u00f6zpontja az id\u00e9n Szeged, ahol <strong>V\u00e9gel L\u00e1szl\u00f3<\/strong> Kossuth-d\u00edjas reg\u00e9ny- \u00e9s dr\u00e1ma\u00edr\u00f3, essz\u00e9ista tart megnyit\u00f3 besz\u00e9det, a rendezv\u00e9nysorozat d\u00edszvend\u00e9ge pedig <strong>Berem\u00e9nyi G\u00e9za<\/strong> Kossuth- \u00e9s Bal\u00e1zs B\u00e9la-d\u00edjas \u00edr\u00f3, dalsz\u00f6veg- \u00e9s forgat\u00f3k\u00f6nyv\u00edr\u00f3, filmrendez\u0151.<\/p>\n<p><a href=\"http:\/\/konyvhetszeged2014.sk-szeged.hu\/wp-content\/uploads\/2014\/06\/uk_programfuzet_2014.pdf\" target=\"_blank\">Programf\u00fczet<\/a><\/p>\n<hr \/>\n<p><span style=\"color: #ea4e1b;\">BEREM\u00c9NYI G\u00c9ZA GONDOLATAI A 85. \u00dcNNEPI K\u00d6NYVH\u00c9T EL\u00c9<\/span><\/p>\n<p><a href=\"http:\/\/konyvhetszeged2014.sk-szeged.hu\/wp-content\/uploads\/2014\/06\/beremenyi_geza.jpg\"><img loading=\"lazy\" decoding=\"async\" class=\"alignleft size-medium wp-image-109\" title=\"fot\u00f3: Burger Barna\" src=\"http:\/\/konyvhetszeged2014.sk-szeged.hu\/wp-content\/uploads\/2014\/06\/beremenyi_geza-203x300.jpg\" alt=\"beremenyi_geza\" width=\"203\" height=\"300\" srcset=\"http:\/\/konyvhetszeged2014.sk-szeged.hu\/wp-content\/uploads\/2014\/06\/beremenyi_geza-203x300.jpg 203w, http:\/\/konyvhetszeged2014.sk-szeged.hu\/wp-content\/uploads\/2014\/06\/beremenyi_geza.jpg 300w\" sizes=\"auto, (max-width: 203px) 100vw, 203px\" \/><\/a>Hadd haszn\u00e1ljam ki ezt a k\u00f6nyv\u00fcnnepi alkalmat egy szem\u00e9lyes vallom\u00e1ssal. M\u00e9ghozz\u00e1 egy \u2013 most m\u00e1r bizonyos \u2013 \u00e9lethosszig tart\u00f3, f\u00e9lig-meddig titkos, olykor szenved\u00e9lyes kapcsolatom beismer\u00e9s\u00e9re mag\u00e1val az olvas\u00e1ssal. \u00c9s mag\u00e1val a K\u00f6nyvvel, ezzel az \u00e1tszellem\u00fclt \u00e9s nagyszer\u0171 t\u00e1rggyal.<\/p>\n<p>Engem sz\u00fclet\u00e9semt\u0151l \u2013 v\u00e9gig a mindent eld\u00f6nt\u0151 gyerekkoron \u2013 az anyai nagysz\u00fcleim neveltek. \u0150k elfoglalt piaci keresked\u0151k voltak, \u00e9s forgalmas munk\u00e1juk dac\u00e1ra tejben-vajban f\u00fcr\u00f6szt\u00f6ttek, b\u00e1rmit megtettek \u00e9rtem. \u00c9s hamar \u00e9szrevett\u00e9k, hogy engem, ahogyan \u0151k h\u00edvtak: a \u201eGyereket\u201d csakis az \u00e9rdekli, mi t\u00f6rt\u00e9nt a feln\u0151ttekkel, milyen volt az az \u00e9n megsz\u00fclet\u00e9sem el\u0151tti l\u00e1thatatlan, els\u00fcllyedt vil\u00e1g, amib\u0151l \u0151k hozz\u00e1m odasz\u00e1rmaztak. Ez\u00e9rt, b\u00e1r m\u00e9g nem is \u00e9rtettem minden szavukat, a nagysz\u00fcleim nem mes\u00e9ket, hanem az \u00e9let\u00fcket besz\u00e9lt\u00e9k el nekem. Vil\u00e1gh\u00e1bor\u00fakat, elt\u0171nt \u00e9letform\u00e1kat, \u00e9rthetetlen, olykor borzalmas eseteket. Tal\u00e1n azt gondolt\u00e1k, az \u00e9letre nevelnek ezzel. Vagy csak \u00f6r\u00fcltek, hogy v\u00e9gre valaki meghallgatja \u0151ket. T\u00f6bbsz\u00f6r odat\u00e9vedtek a lak\u00e1sunkba egy\u00e9b feln\u0151ttek is, csatlakoztak hozz\u00e1juk a maguk \u00e9let-mes\u00e9ivel, \u00e9n pedig az \u00f6l\u00fckben, vagy egy s\u00e1mlin \u00fcltem \u00e9s k\u00e9pzeletben hallgattam \u0151ket.<\/p>\n<p>M\u00e1r nem is tudom, kik tan\u00edtottak meg a bet\u0171kre, de egyszer csak n\u00e9gy\u00e9ves koromt\u00f3l olvasni kezdtem. Ekkor a feln\u0151ttek \u00f3cska k\u00f6nyveket hordtak be nekem a piacr\u00f3l. Fill\u00e9res ponyv\u00e1kat adtak a kezembe, francia szerz\u0151ket, szerelmes giccset, b\u0171n\u00fcgyi reg\u00e9nyeket v\u00e1logat\u00e1s n\u00e9lk\u00fcl. \u00c9s magamra hagytak, a pap\u00edrfedeles olvasm\u00e1nyok megny\u00edltak nekem. \u00cdgy lettem \u00e9n k\u00f6nyves ember.<\/p>\n<p>A legels\u0151, amin v\u00e9gigr\u00e1gtam magam Cooper Vad\u00f6l\u0151je volt. M\u00e1ig eml\u00e9kszem a r\u00e9szleteire. A k\u00e9peire. \u00cdgy kezd\u0151d\u00f6tt el, hogy mik\u00f6zben a fura kis bogarak, a bet\u0171k szavakk\u00e1 \u00e1lltak \u00f6ssze, olyan bels\u0151 k\u00e9peket \u00e9bresztettek bennem, amiket \u00e9n magamt\u00f3l elk\u00e9pzelni sem tudtam volna. Elvittek magukkal, megutaztattak az ismeretlenbe. S\u0151t. A k\u00f6nyvekbeli esem\u00e9nyek, helysz\u00ednek \u00e9s alakok a maguk m\u00f3dj\u00e1n fel\u00fclm\u00falt\u00e1k az \u00e1ltalam addig \u00e9rz\u00e9kelt val\u00f3s\u00e1got. Illetve \u00fagy sz\u00f6v\u0151dtek bel\u00e9je, mintha \u00e9nvelem fordultak volna el\u0151 az \u00e9n saj\u00e1t \u00e9letem tapasztalatai lettek volna azok a szavak r\u00e9v\u00e9n felt\u00e1madt bels\u0151 k\u00e9pek. Meggy\u0151z\u0151d\u00e9sem, ez okozta, hogy az olvas\u00e1s ellen\u00e1llhatatlanul mag\u00e1val ragadott. Mivel akkor m\u00e9g nem volt telev\u00edzi\u00f3, moziban sem j\u00e1rtam, a gyermeki fant\u00e1zi\u00e1m maga hozta l\u00e9tre a k\u00f6nyvekb\u0151l a k\u00e9peket. Szavak \u00e1ltal. \u00c9s m\u00e1s is t\u00f6rt\u00e9nt velem. Ha a K\u00f6nyv gondolatokat \u00edrt le, \u00e9n azokat is l\u00e1ttam. Igen, a k\u00f6nyvben le\u00edrt gondolatoknak form\u00e1ja, alapzata lett. Az \u00e9n tev\u00e9keny egy\u00fcttm\u0171k\u00f6d\u00e9semmel v\u00e1ltak \u00e9rz\u00e9kelhet\u0151v\u00e9.<\/p>\n<p>Nagy szerencs\u00e9m volt, hogy szavak \u00e1ltal kezdtem \u00f6sszeismerkedni a t\u00f6rt\u00e9netekkel. T\u00e9ved\u00e9s ne ess\u00e9k, nem k\u00e1rhoztatom \u00e9n a vizu\u00e1lis kult\u00far\u00e1t, magam is k\u00e9sz\u00edtettem filmeket k\u00e9s\u0151bbi feln\u0151tt koromban, \u00e9n is \u00e1ll\u00edtottam el\u0151 mesters\u00e9ges k\u00e9peket, \u00e9n csak az olvas\u00e1st akarom most dics\u00e9rni, a szavak \u00e1ltali bels\u0151 k\u00e9peket meg\u00fcnnepelni, mert azok az\u00f3ta is meghat\u00e1rozz\u00e1k az \u00e9letemet.<\/p>\n<p>M\u00e1r j\u00f3val t\u00f6bb mint egy \u00e9vsz\u00e1zada hogy felbukkant a film, majd lett bel\u0151le telev\u00edzi\u00f3. A XIX. sz\u00e1zadi irodalom \u2013 m\u00e9g Dickens, J\u00f3kai kor\u00e1ban utolj\u00e1ra \u2013 er\u0151teljes k\u00fcls\u0151 k\u00e9pekkel \u00e9lt, le\u00edrta az emberi arcok sz\u00edn\u00e9nek v\u00e1ltoz\u00e1sait, egy kandall\u00f3 l\u00e1ngnyelvei lobog\u00e1s\u00e1t, mozdulatokat, v\u00e1rosokat festett r\u00e9szletezve el\u00e9nk. Azoknak a r\u00e9gi reg\u00e9nyeknek az esem\u00e9nyeit m\u00e9g k\u00fcls\u0151 konfliktusok mozgatt\u00e1k a v\u00e9gkifejlet fel\u00e9. Ez m\u00e1ra m\u00e1r a mozg\u00f3k\u00e9p dolga, az irodalom m\u00e1s eszk\u00f6z\u00f6ket haszn\u00e1l. A sz\u00f3belis\u00e9gb\u0151l elt\u0171ntek a hossz\u00fa t\u00e1jle\u00edr\u00e1sok, a k\u00e9pi vil\u00e1got taglal\u00f3, a k\u00fcls\u0151 val\u00f3s\u00e1got megjelen\u00edt\u0151 reg\u00e9ny porosnak, unalmasnak tetszik. A k\u00fcls\u0151 esem\u00e9nyek megmutat\u00e1s\u00e1t elrabolta mag\u00e1nak a telev\u00edzi\u00f3. \u00c9s a filmez\u00e9s. Az irodalom \u00fagy sz\u00e1z \u00e9v \u00f3ta m\u00e1r bels\u0151 konfliktusokkal dolgozik, az lett az \u0151 m\u0171faj\u00e1nak a hajt\u00f3ereje. Emberi lett, nagyon is emberi. A tudatunk m\u0171k\u00f6d\u00e9se, a szenved\u00e9lyeink, a karakter\u00fcnk ellentmond\u00e1soss\u00e1ga a mai reg\u00e9ny saj\u00e1t m\u0171faji ter\u00fclete, odah\u00faz\u00f3dott vissza az epika, ott viszont korl\u00e1tlan egyeduralkod\u00f3 maradt. Nagyszer\u0171 bels\u0151 utaz\u00e1sokra k\u00e9pes szemmel l\u00e1thatatlan birodalmainkba. \u00c9s ott m\u00e9g felfedez\u00e9sre, megjelen\u00edt\u00e9sre v\u00e1r\u00f3 titkok lappanganak, amik csakis a szavak erej\u00e9vel id\u00e9zhet\u0151k lelki szemeink el\u00e9.<\/p>\n<p>Ez\u00e9rt a K\u00f6nyv \u00fcnnep\u00e9n hadd fejezzem ki der\u0171l\u00e1t\u00e1somat az irodalmat illet\u0151en. \u00c9s k\u00f6sz\u00f6ntsem az Olvas\u00f3t \u00e9s k\u00edv\u00e1njak neki \u00fajabb felfedez\u00e9seket. Mert tudom, azok \u00e9rkezni fognak. Ezt bizony\u00edtja sz\u00e1momra a gyerekkorom.<\/p>\n<hr \/>\n<p><span style=\"color: #ea4e1b;\"> K\u00d6NYVH\u00c9T GYERMEKM\u00d3DRA<\/span><\/p>\n<p>Kiemelten fontos, hogy a k\u00f6nyv \u00fcnnepe a gyerekeknek is \u00fcnnep legyen, ez\u00e9rt a gyermekk\u00f6nyvkiad\u00f3k a k\u00f6nyvh\u00e9t alatt gyermekk\u00f6nyvekkel \u00e9s szerz\u0151ikkel, valamint izgalmas gyermekprogramokkal v\u00e1rj\u00e1k a legkisebbeket \u00e9s csal\u00e1djukat. T\u00f6bbek k\u00f6z\u00f6tt lesz<br \/>\nAp\u00e1k napi m\u00f3ka \u00e9s kacag\u00e1s, megcsod\u00e1lhatunk egy matuzs\u00e1lemi kort meg\u00e9rt t\u0171zolt\u00f3aut\u00f3t, n\u00e9zhet\u00fcnk b\u00e1bel\u0151ad\u00e1st \u00e9s mesesz\u00ednh\u00e1zat, az \u00e1llatos k\u00f6nyvek napj\u00e1n tal\u00e1lkozhatunk a Tappancs Alap\u00edtv\u00e1ny ter\u00e1pi\u00e1s kuty\u00e1ival, a 10 \u00e9v felettiek kipr\u00f3b\u00e1lhatnak egy rep\u00fcl\u0151g\u00e9p szimul\u00e1tort, a Kisteh\u00e9n zenekar vezet\u0151j\u00e9vel pedig dedik\u00e1ltathatjuk a Kisteh\u00e9nr\u0151l sz\u00f3l\u00f3 \u00faj mesek\u00f6nyvet. J\u00fanius 14-\u00e9n szombaton \u00e9s 15-\u00e9n vas\u00e1rnap tud\u00e1st \u00e9s ismeretet k\u00f6zvet\u00edt\u0151 partnerszervezetek OLVAS\u00d3- \u00c9S J\u00c1TSZ\u00d3LIGETtel v\u00e1rj\u00e1k a Dugonics t\u00e9rre az \u00e9rdekl\u0151d\u0151 gyerekeket \u00e9s kedves sz\u00fcleiket.<br \/>\nAz <strong>Olvas\u00f3- \u00e9s J\u00e1tsz\u00f3liget<\/strong>ben j\u00e1t\u00e9kra h\u00edv:<br \/>\nSomogyi-k\u00f6nyvt\u00e1r Gyermekk\u00f6nyvt\u00e1r, \u00c9gig\u00e9r\u0151 program, Man\u00f3 K\u00f6nyvek, Kiskuns\u00e1gi Nemzeti Park Igazgat\u00f3s\u00e1g, Szegedi Nemzetis\u00e9gi \u00d6nkorm\u00e1nyzatok T\u00e1rsul\u00e1sa Nemzetis\u00e9gek H\u00e1za, Breki Magazin, Pilcz Roland a Kalyber Joe k\u00e9preg\u00e9nyek alkot\u00f3ja, Belv\u00e1rosi mozi, SZTE F\u00fcv\u00e9szkert, Szegedi Vadaspark, Pozsonyi Pagony, T\u00f3 Office K\u00f6z\u00f6ss\u00e9gi Iroda, M\u00f3ra Kiad\u00f3i Csoport, Kam\u00e9leon K\u00f6nyvk\u00f6z\u00f6ss\u00e9g, Szegedi Tudom\u00e1nyegyetem Juh\u00e1sz Gyula Pedag\u00f3gusk\u00e9pz\u0151 Kar Interakt\u00edv Term\u00e9szetismereti Tud\u00e1st\u00e1r.<br \/>\nAz Olvas\u00f3- \u00e9s J\u00e1tsz\u00f3liget programjai k\u00f6z\u00f6tt \u00f6nk\u00e9ntesek seg\u00edtik az eligazod\u00e1st a Csongr\u00e1d Megyei \u00d6nk\u00e9ntes Centrum szervez\u00e9s\u00e9ben.<\/p>\n<hr \/>\n<p><span style=\"color: #ea4e1b;\"> F\u00c9NYK\u00c9PEK \u00c9S HADI EML\u00c9KEK GY\u0170JT\u00c9SE AZ \u00dcNNEPI K\u00d6NYVH\u00c9TEN<br \/>\n<\/span><\/p>\n<p>A Meritum Kultur\u00e1lis \u00e9s M\u0171vel\u0151d\u00e9si K\u00f6zhaszn\u00fa Egyes\u00fclet \u00e9s a Katolikus Ifj\u00fas\u00e1gi Alap\u00edtv\u00e1ny nyilv\u00e1nos akci\u00f3 keret\u00e9ben els\u0151 vil\u00e1gh\u00e1bor\u00fas eml\u00e9keket gy\u0171jt a Dugonics t\u00e9ren j\u00fanius 12-t\u0151l 16-ig. A szervez\u0151k k\u00e9rik, hogy akinek van els\u0151 vil\u00e1gh\u00e1bor\u00fas f\u00e9nyk\u00e9pe, levele vagy b\u00e1rmilyen t\u00e1rgyi eml\u00e9ke, hozza el a Dugonics t\u00e9ren fel\u00e1ll\u00edtott standhoz, hogy ott digitaliz\u00e1lj\u00e1k (beszkennelj\u00e9k, lef\u00e9nyk\u00e9pezz\u00e9k) azt. \u00a0Az \u00edgy \u00f6sszegy\u0171jt\u00f6tt eml\u00e9keket egy k\u00f6z\u00f6s, nagy \u00e1llom\u00e1nyba rendezik majd, gazdag\u00edtva ezzel a Csongr\u00e1d megyei els\u0151 vil\u00e1gh\u00e1bor\u00fas \u00e9rt\u00e9kt\u00e1rat. A gy\u0171jt\u00e9s szakmai partnere a M\u00f3ra Ferenc M\u00fazeum.<\/p>\n<hr \/>\n<p><span style=\"color: #ea4e1b;\">\u00dcNNEPI K\u00d6NYVH\u00c9T, 2013 \u2013 PILLANATK\u00c9PEK<\/span><\/p>\n<p><iframe loading=\"lazy\" src=\"\/\/www.youtube.com\/embed\/bsYSnldXtJQ\" width=\"420\" height=\"315\" frameborder=\"0\" allowfullscreen=\"allowfullscreen\"><\/iframe><\/p>\n<p><a href=\"http:\/\/konyvhetszeged2013.sk-szeged.hu\/?page_id=902\" target=\"_blank\">\u00dcnnepi K\u00f6nyvh\u00e9t Szeged, 2013<\/a><\/p>\n<hr \/>\n<p><span style=\"color: #ea4e1b;\">A RENDEZV\u00c9NYSOROZAT T\u00c1MOGAT\u00d3I<\/span><\/p>\n<p><a href=\"http:\/\/www.szegedvaros.hu\/\" target=\"_blank\">Szeged Megyei Jog\u00fa V\u00e1ros \u00d6nkorm\u00e1nyzata<\/a> | <a href=\"http:\/\/www.sk-szeged.hu\" target=\"_blank\">Somogyi-k\u00f6nyvt\u00e1r<\/a> | <a href=\"http:\/\/www.delmagyar.hu\" target=\"_blank\">D\u00e9lmagyarorsz\u00e1g<\/a> | <a href=\"http:\/\/millenniumikavehaz.hu\/\" target=\"_blank\">Millenniumi K\u00e1v\u00e9h\u00e1z \u00e9s Klub<\/a> |\u00a0<a href=\"http:\/\/www.grandcafe.szeged.hu\/index.php?option=com_frontpage&amp;Itemid=1\" target=\"_blank\">Grand Caf\u00e9<\/a> | <a href=\"http:\/\/www.lazikiado.hu\/\" target=\"_blank\">Lazi K\u00f6nyvkiad\u00f3<\/a> | <a href=\"http:\/\/szegediiroktarsasaga.hu\/\" target=\"_blank\">Szegedi \u00cdr\u00f3k T\u00e1rsas\u00e1ga<\/a> | <a href=\"http:\/\/www.lira.hu\/kiado\/magveto\/\" target=\"_blank\">Magvet\u0151 Kiad\u00f3<\/a> | <a href=\"http:\/\/www.fo.hu\/\" target=\"_blank\">L\u00edra K\u00f6nyv Zrt. F\u00f3kusz K\u00f6nyv\u00e1ruh\u00e1z<\/a> | <a href=\"http:\/\/egigerokonyvek.hu\" target=\"_blank\">\u00c9gig\u00e9r\u0151 program<\/a> | SZTE Szegedi Egyetemi Kiad\u00f3 \u00e9s M\u00e9diacentrum |\u00a0<a href=\"http:\/\/www.u-szeged.hu\/kultura\" target=\"_blank\">SZTE Kultur\u00e1lis Iroda<\/a> | <a href=\"http:\/\/www.radio88.hu\/\" target=\"_blank\">R\u00e1di\u00f388<\/a> | <a href=\"http:\/\/www.rekreacio.eu\/\" target=\"_blank\">rekreacio.eu<\/a> | <a href=\"http:\/\/www.pagony.hu\/\" target=\"_blank\">Pozsonyi Pagony Kft<\/a> | <a href=\"http:\/\/www.minority-szeged.hu\/\" target=\"_blank\">Szegedi Nemzetis\u00e9gi \u00d6nkorm\u00e1nyzatok T\u00e1rsul\u00e1sa Nemzetis\u00e9gek H\u00e1za<\/a> |\u00a0<a href=\"http:\/\/www.kisalfold.hu\/breki_magazin\/\" target=\"_blank\">Breki Magazin<\/a> |\u00a0<a href=\"http:\/\/www.belvarosimozi.hu\/\" target=\"_blank\">Belv\u00e1rosi mozi, Szeged<\/a> | <a href=\"http:\/\/www.fuveszkert.u-szeged.hu\/\" target=\"_blank\">Szegedi Tudom\u00e1nyegyetem F\u00fcv\u00e9szkert<\/a> | <a href=\"http:\/\/szegedcafe.hu\/\" target=\"_blank\">SzegedCaf\u00e9<\/a> | <a href=\"http:\/\/knp.nemzetipark.gov.hu\/\" target=\"_blank\">Kiskuns\u00e1gi Nemzeti Park Igazgat\u00f3s\u00e1g<\/a> |\u00a0<a href=\"http:\/\/www.tiszapart.hu\/\" target=\"_blank\">TiszapART TV<\/a> |\u00a0<a href=\"http:\/\/www.agoraszeged.hu\/\" target=\"_blank\">Szent-Gy\u00f6rgyi Albert Ag\u00f3ra<\/a>\u00a0| <a href=\"http:\/\/www.szinhaz.szeged.hu\/sznsz\/\" target=\"_blank\">Szegedi Nemzeti Sz\u00ednh\u00e1z<\/a> | <a href=\"http:\/\/www.szeged.maltaijatszo.hu\/\" target=\"_blank\">M\u00e1ltai J\u00e1tsz\u00f3t\u00e9r \u00e9s J\u00e1tsz\u00f3h\u00e1z Szeged<\/a> | <a href=\"http:\/\/www.harmattan.hu\/\" target=\"_blank\">L\u2019Harmattan Kiad\u00f3<\/a> | <a href=\"http:\/\/iszeged.hu\/\" target=\"_blank\">iszeged.hu<\/a> | <a href=\"http:\/\/www.port.hu\/\" target=\"_blank\">PORT.hu<\/a> | <a href=\"http:\/\/szegedkultur.blog.hu\/\" target=\"_blank\">szegedkultur.blog.hu<\/a> | <a href=\"http:\/\/www.manokonyvek.hu\/\" target=\"_blank\">Man\u00f3 K\u00f6nyvek<\/a> | <a href=\"http:\/\/www.szegedkultur.hu\/\" target=\"_blank\">szegedkultur.hu<\/a> | <a href=\"http:\/\/www.areion.hu\/\" target=\"_blank\">Arei\u00f3n Kultur\u00e1lis K\u00f6zhaszn\u00fa Egyes\u00fclet<\/a> | <a href=\"http:\/\/www.zooszeged.hu\" target=\"_blank\">Szegedi Vadaspark<\/a> | <a href=\"http:\/\/szeged.hir24.hu\/\" target=\"_blank\">szeged.hir24.hu<\/a> | <a href=\"http:\/\/www.tooffice.hu\/\" target=\"_blank\">T\u00f3 Office K\u00f6z\u00f6ss\u00e9gi Iroda<\/a> | <a href=\"http:\/\/hmzrinyi.hu\" target=\"_blank\">Zr\u00ednyi Kiad\u00f3<\/a> | <a href=\"http:\/\/www.typotex.hu\/\" target=\"_blank\">Typotex Kiad\u00f3<\/a> | <a href=\"http:\/\/www.mora.hu\/oldal\/a-kiadorol\" target=\"_blank\">M\u00f3ra Kiad\u00f3i Csoport<\/a> | <a href=\"http:\/\/www.libri.hu\" target=\"_blank\">Libri<\/a> | <a href=\"http:\/\/www.grimm.hu\/\" target=\"_blank\">Grimm K\u00f6nyvesbolt \u00e9s Gal\u00e9ria K\u00e1v\u00e9z\u00f3<\/a> | <a href=\"http:\/\/ww2.bibl.u-szeged.hu\" target=\"_blank\">SZTE Klebelsberg K\u00f6nyvt\u00e1r<\/a> | <a href=\"http:\/\/www.rainbowkatalogus.hu\/\" target=\"_blank\">KAM\u00c9LEON K\u00f6nyvk\u00f6z\u00f6ss\u00e9g<\/a> | <a href=\"http:\/\/www.forumliber.rs\/\" target=\"_blank\">F\u00f3rum K\u00f6nyvkiad\u00f3 Int\u00e9zet<\/a> | Idegenvezet\u0151k \u00e9s Orsz\u00e1gj\u00e1r\u00f3k d\u00e9l-alf\u00f6ldi Egyes\u00fclete | <a href=\"http:\/\/www.scolar.hu\/\" target=\"_blank\">Scolar Kiad\u00f3<\/a> | Magyar \u00cdr\u00f3sz\u00f6vets\u00e9g Csongr\u00e1d megyei \u00cdr\u00f3csoportja | <a href=\"http:\/\/www.mkke.hu\/\" target=\"_blank\">Magyar K\u00f6nyvkiad\u00f3k \u00e9s K\u00f6nyvterjeszt\u0151k Egyes\u00fcl\u00e9se<\/a> | <a href=\"http:\/\/www.bacsorszag.rs\/\" target=\"_blank\">B\u00e1csorsz\u00e1g<\/a> | <a href=\"http:\/\/www.szepiroktarsasaga.hu\/index.php\" target=\"_blank\">Sz\u00e9p\u00edr\u00f3k T\u00e1rsas\u00e1ga<\/a> | <a href=\"http:\/\/www.szegedi-horvatok.net\/onkormanyzat.htm\" target=\"_blank\">Szegedi Horv\u00e1t Nemzetis\u00e9gi \u00d6nkorm\u00e1nyzat<\/a> | <a href=\"http:\/\/www.szegedi-horvatok.net\/egyesulet.htm\" target=\"_blank\">Dugonics Andr\u00e1s Horv\u00e1t\u2013Magyar Kultur\u00e1lis K\u00f6zhaszn\u00fa Egyes\u00fclet<\/a> | <a href=\"http:\/\/www.olaszkave.com\/\" target=\"_blank\">Eurocaf Kft.<\/a> | <a href=\"http:\/\/www.szegedibolgarok.hu\/\" target=\"_blank\">Bolg\u00e1r Bar\u00e1ti T\u00e1rsas\u00e1g<\/a> |\u00a0<a href=\"https:\/\/hu-hu.facebook.com\/pages\/Szegedi-Helyi-Szerb-K%C3%B6z%C3%B6ss%C3%A9g\/367026319984701\" target=\"_blank\">Szegedi Helyi Szerb K\u00f6z\u00f6ss\u00e9g<\/a> |\u00a0<a href=\"http:\/\/www.vtvszeged.hu\" target=\"_blank\">V\u00e1rosi Telev\u00edzi\u00f3 Szeged<\/a> | <a href=\"http:\/\/www.szegedilap.hu\/\" target=\"_blank\">szegedilap.hu<\/a> |\u00a0<a href=\"http:\/\/www2.u-szeged.hu\/irsi\/ed\/\" target=\"_blank\">Europe Direct Szeged<\/a> | <a href=\"http:\/\/szegedma.hu\/\" target=\"_blank\">szegedma.hu<\/a> | <a href=\"http:\/\/www.tiszataj.hu\/\" target=\"_blank\">Tiszat\u00e1j<\/a> | <a href=\"http:\/\/varoskep.szeged.hu\/data\/index.php\" target=\"_blank\">Szegedi V\u00e1rosk\u00e9p Kft.<\/a>, | <a href=\"https:\/\/hu-hu.facebook.com\/onkentescsongrad\" target=\"_blank\">Csongr\u00e1d Megyei \u00d6nk\u00e9ntes Centrum<\/a>\u00a0| <a href=\"http:\/\/www.kellektar.hu\/\" target=\"_blank\">Kell\u00e9kt\u00e1r 2000 Kft.<\/a> | valamint a fell\u00e9p\u0151 m\u0171v\u00e9szeti csoportok, \u00edr\u00f3k, k\u00f6lt\u0151k, m\u0171sorvezet\u0151k, k\u00f6zrem\u0171k\u00f6d\u0151k \u00e9s a k\u00f6nyves szakm\u00e1k k\u00e9pvisel\u0151i<\/p>\n","protected":false},"excerpt":{"rendered":"<p>85. \u00dcNNEPI K\u00d6NYVH\u00c9T \u00c9S 13. GYERMEKK\u00d6NYVNAPOK, SZEGED A Dugonics t\u00e9ren: j\u00fanius 12\u201316. Az int\u00e9zm\u00e9nyekben: j\u00fanius 5\u201320. Megnyit\u00f3: j\u00fanius 12. 11.00, Dugonics t\u00e9r Az \u00dcNNEPI K\u00d6NYVH\u00c9T vid\u00e9ki k\u00f6zpontja az id\u00e9n Szeged, ahol V\u00e9gel L\u00e1szl\u00f3 Kossuth-d\u00edjas reg\u00e9ny- \u00e9s dr\u00e1ma\u00edr\u00f3, essz\u00e9ista tart megnyit\u00f3 &hellip; <a href=\"http:\/\/konyvhetszeged2014.sk-szeged.hu\/?page_id=690\">Tov\u00e1bb <span class=\"meta-nav\">&rarr;<\/span><\/a><\/p>\n","protected":false},"author":2,"featured_media":0,"parent":0,"menu_order":0,"comment_status":"closed","ping_status":"open","template":"","meta":{"footnotes":""},"class_list":["post-690","page","type-page","status-publish","hentry"],"_links":{"self":[{"href":"http:\/\/konyvhetszeged2014.sk-szeged.hu\/index.php?rest_route=\/wp\/v2\/pages\/690","targetHints":{"allow":["GET"]}}],"collection":[{"href":"http:\/\/konyvhetszeged2014.sk-szeged.hu\/index.php?rest_route=\/wp\/v2\/pages"}],"about":[{"href":"http:\/\/konyvhetszeged2014.sk-szeged.hu\/index.php?rest_route=\/wp\/v2\/types\/page"}],"author":[{"embeddable":true,"href":"http:\/\/konyvhetszeged2014.sk-szeged.hu\/index.php?rest_route=\/wp\/v2\/users\/2"}],"replies":[{"embeddable":true,"href":"http:\/\/konyvhetszeged2014.sk-szeged.hu\/index.php?rest_route=%2Fwp%2Fv2%2Fcomments&post=690"}],"version-history":[{"count":24,"href":"http:\/\/konyvhetszeged2014.sk-szeged.hu\/index.php?rest_route=\/wp\/v2\/pages\/690\/revisions"}],"predecessor-version":[{"id":1378,"href":"http:\/\/konyvhetszeged2014.sk-szeged.hu\/index.php?rest_route=\/wp\/v2\/pages\/690\/revisions\/1378"}],"wp:attachment":[{"href":"http:\/\/konyvhetszeged2014.sk-szeged.hu\/index.php?rest_route=%2Fwp%2Fv2%2Fmedia&parent=690"}],"curies":[{"name":"wp","href":"https:\/\/api.w.org\/{rel}","templated":true}]}}